{"id":1474,"date":"2022-03-18T07:52:32","date_gmt":"2022-03-18T07:52:32","guid":{"rendered":"https:\/\/aanneming.werkers.be\/referenties\/"},"modified":"2024-12-04T13:35:47","modified_gmt":"2024-12-04T13:35:47","slug":"references","status":"publish","type":"page","link":"https:\/\/aanneming.werkers.be\/fr\/references\/","title":{"rendered":"R\u00e9f\u00e9rences"},"content":{"rendered":"<section class=\"l-section wpb_row us_custom_998b7a71 height_large\"><div class=\"l-section-h i-cf\"><div class=\"g-cols vc_row via_grid cols_1 laptops-cols_inherit tablets-cols_inherit mobiles-cols_1 valign_top type_default stacking_default\"><div class=\"wpb_column vc_column_container\"><div class=\"vc_column-inner\"><div class=\"g-cols wpb_row us_custom_f37b25c6 via_grid cols_1 laptops-cols_inherit tablets-cols_inherit mobiles-cols_1 valign_top type_default stacking_default\" style=\"--columns-gap:3rem;\"><div class=\"wpb_column vc_column_container\"><div class=\"vc_column-inner\"><div class=\"wpb_text_column us_custom_839c036d grid--title-small has_text_color\"><div class=\"wpb_wrapper\"><h6>R\u00e9f\u00e9rences<\/h6>\n<\/div><\/div><div class=\"wpb_text_column grid--title-small\"><div class=\"wpb_wrapper\"><h1>Ces clients t\u00e9moignent d&rsquo;une collaboration r\u00e9ussie<\/h1>\n<\/div><\/div><\/div><\/div><\/div><div class=\"w-separator size_medium\"><\/div><div class=\"g-cols wpb_row via_grid cols_1 laptops-cols_inherit tablets-cols_inherit mobiles-cols_1 valign_top type_default stacking_default\" style=\"--columns-gap:3rem;\"><div class=\"wpb_column vc_column_container\"><div class=\"vc_column-inner\"><form class=\"w-filter for_grid state_desktop us-field-style_1 layout_hor items_1 mod_side style_switch_default align_none drop_on_hover hide_item_title\" action onsubmit=\"return false;\" onclick='return {&quot;filterPrefix&quot;:&quot;filter&quot;,&quot;hideDisabledValues&quot;:false,&quot;layout&quot;:&quot;hor&quot;,&quot;mobileWidth&quot;:0,&quot;use_grid&quot;:&quot;first&quot;,&quot;gridNotFoundMessage&quot;:&quot;Nothing to filter. Add a suitable Grid to this page.&quot;}'><div class=\"w-filter-list\"><div class=\"w-filter-list-title\"><\/div><button class=\"w-filter-list-closer\" title=\"Fermer\" aria-label=\"Fermer\"><\/button><div class=\"w-filter-item type_checkbox\" data-source=\"tax|us_portfolio_category\"><button class=\"w-filter-item-title\">Referentie Categories<span><\/span><\/button><a class=\"w-filter-item-reset\" href=\"#\" title=\"R\u00e9initialiser\"><span>R\u00e9initialiser<\/span><\/a><div class=\"w-filter-item-content\"><div class=\"w-filter-item-values\" data-maxheight=\"40vh\" style=\"max-height:40vh\"><div class=\"w-filter-item-value\" data-item-amount=\"1\"><label><input type=\"checkbox\" value=\"winterdienst-fr\" name=\"filter_referentie_category\"><span class=\"w-filter-item-value-label\">Service d'hiver<\/span><\/label><\/div><\/div><\/div><\/div><\/div><div class=\"w-filter-list-panel\"><button class=\"w-btn us-btn-style_1\"><span class=\"w-btn-label\">Appliquer<\/span><\/button><\/div><style>@media( max-width:0px ){.w-filter.state_desktop .w-filter-list,.w-filter-item-title>span{display:none}.w-filter-opener{display:inline-block}}<\/style><button class=\"w-filter-opener text_none\" aria-label=\"Filtres\"><span><\/span><\/button><div class=\"w-filter-json-filters-args hidden\" onclick='return {&quot;taxonomies_query_args&quot;:{&quot;tax|us_portfolio_category&quot;:{&quot;arrachage-des-haies-fr&quot;:{&quot;fields&quot;:&quot;ids&quot;,&quot;nopaging&quot;:true,&quot;post_status&quot;:[&quot;publish&quot;,&quot;inherit&quot;],&quot;post_type&quot;:[],&quot;posts_per_page&quot;:1,&quot;suppress_filters&quot;:true,&quot;tax_query&quot;:[{&quot;taxonomy&quot;:&quot;us_portfolio_category&quot;,&quot;field&quot;:&quot;slug&quot;,&quot;terms&quot;:&quot;arrachage-des-haies-fr&quot;}]},&quot;la-gestion-du-bois-fr&quot;:{&quot;fields&quot;:&quot;ids&quot;,&quot;nopaging&quot;:true,&quot;post_status&quot;:[&quot;publish&quot;,&quot;inherit&quot;],&quot;post_type&quot;:[],&quot;posts_per_page&quot;:1,&quot;suppress_filters&quot;:true,&quot;tax_query&quot;:[{&quot;taxonomy&quot;:&quot;us_portfolio_category&quot;,&quot;field&quot;:&quot;slug&quot;,&quot;terms&quot;:&quot;la-gestion-du-bois-fr&quot;}]},&quot;la-gestion-du-paysage-fr&quot;:{&quot;fields&quot;:&quot;ids&quot;,&quot;nopaging&quot;:true,&quot;post_status&quot;:[&quot;publish&quot;,&quot;inherit&quot;],&quot;post_type&quot;:[],&quot;posts_per_page&quot;:1,&quot;suppress_filters&quot;:true,&quot;tax_query&quot;:[{&quot;taxonomy&quot;:&quot;us_portfolio_category&quot;,&quot;field&quot;:&quot;slug&quot;,&quot;terms&quot;:&quot;la-gestion-du-paysage-fr&quot;}]},&quot;le-fauchage-fr&quot;:{&quot;fields&quot;:&quot;ids&quot;,&quot;nopaging&quot;:true,&quot;post_status&quot;:[&quot;publish&quot;,&quot;inherit&quot;],&quot;post_type&quot;:[],&quot;posts_per_page&quot;:1,&quot;suppress_filters&quot;:true,&quot;tax_query&quot;:[{&quot;taxonomy&quot;:&quot;us_portfolio_category&quot;,&quot;field&quot;:&quot;slug&quot;,&quot;terms&quot;:&quot;le-fauchage-fr&quot;}]},&quot;notre-main-d-oeuvre-fr&quot;:{&quot;fields&quot;:&quot;ids&quot;,&quot;nopaging&quot;:true,&quot;post_status&quot;:[&quot;publish&quot;,&quot;inherit&quot;],&quot;post_type&quot;:[],&quot;posts_per_page&quot;:1,&quot;suppress_filters&quot;:true,&quot;tax_query&quot;:[{&quot;taxonomy&quot;:&quot;us_portfolio_category&quot;,&quot;field&quot;:&quot;slug&quot;,&quot;terms&quot;:&quot;notre-main-d-oeuvre-fr&quot;}]},&quot;winterdienst-fr&quot;:{&quot;fields&quot;:&quot;ids&quot;,&quot;nopaging&quot;:true,&quot;post_status&quot;:[&quot;publish&quot;,&quot;inherit&quot;],&quot;post_type&quot;:[],&quot;posts_per_page&quot;:1,&quot;suppress_filters&quot;:true,&quot;tax_query&quot;:[{&quot;taxonomy&quot;:&quot;us_portfolio_category&quot;,&quot;field&quot;:&quot;slug&quot;,&quot;terms&quot;:&quot;winterdienst-fr&quot;}]}}}}'><\/div><\/form><\/div><\/div><\/div><div class=\"w-separator size_medium\"><\/div><div class=\"g-cols wpb_row via_grid cols_1 laptops-cols_inherit tablets-cols_inherit mobiles-cols_1 valign_top type_default stacking_default\" style=\"--columns-gap:3rem;\"><div class=\"wpb_column vc_column_container\"><div class=\"vc_column-inner\"><div class=\"w-grid us_grid type_grid layout_71 cols_3 pagination_regular preload_style_spinner\" id=\"us_grid_1\" style=\"--columns:3;--gap:1rem;\" data-filterable=\"true\"><style>@media (max-width:1024px){#us_grid_1{--columns:2!important}}@media (max-width:768px){#us_grid_1{--columns:1!important}}.layout_71 .w-grid-item-h{background:var(--color-content-bg);color:var(--color-content-text)}.layout_71 .usg_post_image_1{margin-bottom:0!important}.layout_71 .usg_vwrapper_1{padding:2rem!important}.layout_71 .usg_post_taxonomy_1{font-weight:700!important;text-transform:uppercase!important;font-size:10px!important;position:absolute!important;left:0!important;bottom:-10px!important}.layout_71 .usg_post_content_1{margin-bottom:1.5rem!important}<\/style><div class=\"w-grid-list\">\t<article class=\"w-grid-item size_1x1 post-1341 us_portfolio type-us_portfolio status-publish has-post-thumbnail hentry us_portfolio_category-winterdienst-fr\" data-id=\"1341\">\r\n\t\t<div class=\"w-grid-item-h\">\r\n\t\t\t\t\t\t<div class=\"w-vwrapper usg_vwrapper_2 align_none valign_top\"><div class=\"w-post-elm post_image usg_post_image_1 image--hexagon has_ratio\"><a href=\"https:\/\/aanneming.werkers.be\/fr\/referentie\/le-service-dhiver-de-werkers-fr\/\" aria-label=\"Qui retrouvons-nous au sein de notre \u00e9quipe ?\"><img decoding=\"async\" width=\"1024\" height=\"768\" data-src=\"https:\/\/aanneming.werkers.be\/wp-content\/uploads\/2022\/06\/Winterdienst-Lubbeek-2010-2011-023-1024x768.jpg\" class=\"attachment-large size-large wp-post-image lazyload\" alt=\"\" src=\"data:image\/svg+xml;base64,PHN2ZyB3aWR0aD0iMSIgaGVpZ2h0PSIxIiB4bWxucz0iaHR0cDovL3d3dy53My5vcmcvMjAwMC9zdmciPjwvc3ZnPg==\" style=\"--smush-placeholder-width: 1024px; --smush-placeholder-aspect-ratio: 1024\/768;\" \/><\/a><div style=\"padding-bottom:56.25%\"><\/div><\/div><div class=\"w-post-elm post_taxonomy usg_post_taxonomy_1 us-btn-style_badge style_simple color_link_inherit\"><span class=\"term-22 term-winterdienst-fr\">Service d'hiver<\/span><\/div><\/div><div class=\"w-vwrapper usg_vwrapper_1 grid--referentie-content align_none valign_top\"><h4 class=\"w-post-elm post_title usg_post_title_1 entry-title color_link_inherit\"><a href=\"https:\/\/aanneming.werkers.be\/fr\/referentie\/le-service-dhiver-de-werkers-fr\/\">Qui retrouvons-nous au sein de notre \u00e9quipe ?<\/a><\/h4><div class=\"w-post-elm post_content usg_post_content_1\">Lorsque la neige et le verglas menacent de paralyser le pays pendant les mois\u2026<\/div><a class=\"w-btn us-btn-style_4 usg_btn_1\" href=\"https:\/\/aanneming.werkers.be\/fr\/referentie\/le-service-dhiver-de-werkers-fr\/\"><span class=\"w-btn-label\">Lees meer<\/span><\/a><\/div>\t\t<\/div>\r\n\t\t\t<\/article>\r\n<\/div>\t<div class=\"w-grid-preloader\">\r\n\t\t<div class=\"g-preloader type_1\">\r\n\t\t\t<div><\/div>\r\n\t\t<\/div>\r\n\t<\/div>\r\n\t\t<div class=\"w-grid-json hidden\" onclick='return {&quot;action&quot;:&quot;us_ajax_grid&quot;,&quot;infinite_scroll&quot;:0,&quot;max_num_pages&quot;:1,&quot;pagination&quot;:&quot;regular&quot;,&quot;template_vars&quot;:{&quot;columns&quot;:&quot;3&quot;,&quot;exclude_items&quot;:&quot;none&quot;,&quot;img_size&quot;:&quot;default&quot;,&quot;ignore_items_size&quot;:0,&quot;items_layout&quot;:&quot;71&quot;,&quot;items_offset&quot;:&quot;1&quot;,&quot;load_animation&quot;:&quot;none&quot;,&quot;overriding_link&quot;:&quot;{\\&quot;url\\&quot;:\\&quot;\\&quot;}&quot;,&quot;post_id&quot;:0,&quot;query_args&quot;:{&quot;post_type&quot;:[&quot;us_portfolio&quot;],&quot;post_status&quot;:[&quot;publish&quot;],&quot;posts_per_page&quot;:&quot;6&quot;},&quot;orderby_query_args&quot;:{&quot;orderby&quot;:{&quot;date&quot;:&quot;DESC&quot;}},&quot;type&quot;:&quot;grid&quot;,&quot;us_grid_post_type&quot;:&quot;us_portfolio&quot;,&quot;us_grid_ajax_index&quot;:1,&quot;us_grid_filter_query_string&quot;:null,&quot;us_grid_index&quot;:1,&quot;page_args&quot;:[],&quot;lang&quot;:&quot;fr&quot;}}'><\/div>\r\n\t<\/div><\/div><\/div><\/div><\/div><\/div><\/div><\/div><\/section><section class=\"l-section wpb_row us_custom_5410b615 height_auto\"><div class=\"l-section-h i-cf\"><div class=\"g-cols vc_row via_grid cols_1 laptops-cols_inherit tablets-cols_inherit mobiles-cols_1 valign_top type_default stacking_default\"><div class=\"wpb_column vc_column_container\"><div class=\"vc_column-inner\"><\/div><\/div><\/div><\/div><\/section>\n","protected":false},"excerpt":{"rendered":"<p>Deze klanten getuigen over een geslaagde samenwerking met Werkers. Bekijk op deze pagina onze referenties.<\/p>\n","protected":false},"author":5,"featured_media":0,"parent":0,"menu_order":0,"comment_status":"closed","ping_status":"closed","template":"","meta":{"footnotes":""},"class_list":["post-1474","page","type-page","status-publish","hentry"],"yoast_head":"<!-- This site is optimized with the Yoast SEO plugin v27.4 - https:\/\/yoast.com\/product\/yoast-seo-wordpress\/ -->\n<title>R\u00e9f\u00e9rences - Werkers<\/title>\n<meta name=\"description\" content=\"Ces clients t\u00e9moignent d&#039;une collaboration r\u00e9ussie. Lisez leur histoire ici.\" \/>\n<meta name=\"robots\" content=\"index, follow, max-snippet:-1, max-image-preview:large, max-video-preview:-1\" \/>\n<link rel=\"canonical\" href=\"https:\/\/aanneming.werkers.be\/fr\/references\/\" \/>\n<meta property=\"og:locale\" content=\"fr_FR\" \/>\n<meta property=\"og:type\" content=\"article\" \/>\n<meta property=\"og:title\" content=\"R\u00e9f\u00e9rences - Werkers\" \/>\n<meta property=\"og:description\" content=\"Ces clients t\u00e9moignent d&#039;une collaboration r\u00e9ussie. Lisez leur histoire ici.\" \/>\n<meta property=\"og:url\" content=\"https:\/\/aanneming.werkers.be\/fr\/references\/\" \/>\n<meta property=\"og:site_name\" content=\"Werkers\" \/>\n<meta property=\"article:modified_time\" content=\"2024-12-04T13:35:47+00:00\" \/>\n<meta name=\"twitter:card\" content=\"summary_large_image\" \/>\n<meta name=\"twitter:label1\" content=\"Dur\u00e9e de lecture estim\u00e9e\" \/>\n\t<meta name=\"twitter:data1\" content=\"1 minute\" \/>\n<script type=\"application\/ld+json\" class=\"yoast-schema-graph\">{\"@context\":\"https:\\\/\\\/schema.org\",\"@graph\":[{\"@type\":\"WebPage\",\"@id\":\"https:\\\/\\\/aanneming.werkers.be\\\/fr\\\/references\\\/\",\"url\":\"https:\\\/\\\/aanneming.werkers.be\\\/fr\\\/references\\\/\",\"name\":\"R\u00e9f\u00e9rences - Werkers\",\"isPartOf\":{\"@id\":\"https:\\\/\\\/aanneming.werkers.be\\\/#website\"},\"datePublished\":\"2022-03-18T07:52:32+00:00\",\"dateModified\":\"2024-12-04T13:35:47+00:00\",\"description\":\"Ces clients t\u00e9moignent d'une collaboration r\u00e9ussie. Lisez leur histoire ici.\",\"breadcrumb\":{\"@id\":\"https:\\\/\\\/aanneming.werkers.be\\\/fr\\\/references\\\/#breadcrumb\"},\"inLanguage\":\"fr-FR\",\"potentialAction\":[{\"@type\":\"ReadAction\",\"target\":[\"https:\\\/\\\/aanneming.werkers.be\\\/fr\\\/references\\\/\"]}]},{\"@type\":\"BreadcrumbList\",\"@id\":\"https:\\\/\\\/aanneming.werkers.be\\\/fr\\\/references\\\/#breadcrumb\",\"itemListElement\":[{\"@type\":\"ListItem\",\"position\":1,\"name\":\"Home\",\"item\":\"https:\\\/\\\/aanneming.werkers.be\\\/fr\\\/\"},{\"@type\":\"ListItem\",\"position\":2,\"name\":\"R\u00e9f\u00e9rences\"}]},{\"@type\":\"WebSite\",\"@id\":\"https:\\\/\\\/aanneming.werkers.be\\\/#website\",\"url\":\"https:\\\/\\\/aanneming.werkers.be\\\/\",\"name\":\"Werkers\",\"description\":\"\",\"potentialAction\":[{\"@type\":\"SearchAction\",\"target\":{\"@type\":\"EntryPoint\",\"urlTemplate\":\"https:\\\/\\\/aanneming.werkers.be\\\/?s={search_term_string}\"},\"query-input\":{\"@type\":\"PropertyValueSpecification\",\"valueRequired\":true,\"valueName\":\"search_term_string\"}}],\"inLanguage\":\"fr-FR\"}]}<\/script>\n<!-- \/ Yoast SEO plugin. -->","yoast_head_json":{"title":"R\u00e9f\u00e9rences - Werkers","description":"Ces clients t\u00e9moignent d'une collaboration r\u00e9ussie. Lisez leur histoire ici.","robots":{"index":"index","follow":"follow","max-snippet":"max-snippet:-1","max-image-preview":"max-image-preview:large","max-video-preview":"max-video-preview:-1"},"canonical":"https:\/\/aanneming.werkers.be\/fr\/references\/","og_locale":"fr_FR","og_type":"article","og_title":"R\u00e9f\u00e9rences - Werkers","og_description":"Ces clients t\u00e9moignent d'une collaboration r\u00e9ussie. Lisez leur histoire ici.","og_url":"https:\/\/aanneming.werkers.be\/fr\/references\/","og_site_name":"Werkers","article_modified_time":"2024-12-04T13:35:47+00:00","twitter_card":"summary_large_image","twitter_misc":{"Dur\u00e9e de lecture estim\u00e9e":"1 minute"},"schema":{"@context":"https:\/\/schema.org","@graph":[{"@type":"WebPage","@id":"https:\/\/aanneming.werkers.be\/fr\/references\/","url":"https:\/\/aanneming.werkers.be\/fr\/references\/","name":"R\u00e9f\u00e9rences - Werkers","isPartOf":{"@id":"https:\/\/aanneming.werkers.be\/#website"},"datePublished":"2022-03-18T07:52:32+00:00","dateModified":"2024-12-04T13:35:47+00:00","description":"Ces clients t\u00e9moignent d'une collaboration r\u00e9ussie. Lisez leur histoire ici.","breadcrumb":{"@id":"https:\/\/aanneming.werkers.be\/fr\/references\/#breadcrumb"},"inLanguage":"fr-FR","potentialAction":[{"@type":"ReadAction","target":["https:\/\/aanneming.werkers.be\/fr\/references\/"]}]},{"@type":"BreadcrumbList","@id":"https:\/\/aanneming.werkers.be\/fr\/references\/#breadcrumb","itemListElement":[{"@type":"ListItem","position":1,"name":"Home","item":"https:\/\/aanneming.werkers.be\/fr\/"},{"@type":"ListItem","position":2,"name":"R\u00e9f\u00e9rences"}]},{"@type":"WebSite","@id":"https:\/\/aanneming.werkers.be\/#website","url":"https:\/\/aanneming.werkers.be\/","name":"Werkers","description":"","potentialAction":[{"@type":"SearchAction","target":{"@type":"EntryPoint","urlTemplate":"https:\/\/aanneming.werkers.be\/?s={search_term_string}"},"query-input":{"@type":"PropertyValueSpecification","valueRequired":true,"valueName":"search_term_string"}}],"inLanguage":"fr-FR"}]}},"_links":{"self":[{"href":"https:\/\/aanneming.werkers.be\/fr\/wp-json\/wp\/v2\/pages\/1474","targetHints":{"allow":["GET"]}}],"collection":[{"href":"https:\/\/aanneming.werkers.be\/fr\/wp-json\/wp\/v2\/pages"}],"about":[{"href":"https:\/\/aanneming.werkers.be\/fr\/wp-json\/wp\/v2\/types\/page"}],"author":[{"embeddable":true,"href":"https:\/\/aanneming.werkers.be\/fr\/wp-json\/wp\/v2\/users\/5"}],"replies":[{"embeddable":true,"href":"https:\/\/aanneming.werkers.be\/fr\/wp-json\/wp\/v2\/comments?post=1474"}],"version-history":[{"count":3,"href":"https:\/\/aanneming.werkers.be\/fr\/wp-json\/wp\/v2\/pages\/1474\/revisions"}],"predecessor-version":[{"id":1531,"href":"https:\/\/aanneming.werkers.be\/fr\/wp-json\/wp\/v2\/pages\/1474\/revisions\/1531"}],"wp:attachment":[{"href":"https:\/\/aanneming.werkers.be\/fr\/wp-json\/wp\/v2\/media?parent=1474"}],"curies":[{"name":"wp","href":"https:\/\/api.w.org\/{rel}","templated":true}]}}